{"id":99,"date":"2023-12-16T01:16:03","date_gmt":"2023-12-16T00:16:03","guid":{"rendered":"https:\/\/dominiot.fr\/?page_id=99"},"modified":"2024-01-12T18:20:20","modified_gmt":"2024-01-12T18:20:20","slug":"solutions","status":"publish","type":"page","link":"https:\/\/dominiot.com\/index.php\/solutions\/","title":{"rendered":"DominIoT Design"},"content":{"rendered":"\n<h1 class=\"wp-block-heading has-text-align-center\">Installation in five steps<\/h1>\n\n\n\n<p><\/p>\n\n\n\n<h2 class=\"wp-block-heading\">1. Connection of your technical equipment and sensors<\/h2>\n\n\n\n<p>DominIoT provides the PLCs for connecting to the technical equipment that allow these devices to be controlled and controlled remotely by wired or wireless link. The DominIoT solution supports the main connection protocols of most technical equipment (BACnet, Modbus, LonWorks, KNX, TCP\/IP) which makes it easily deployable on your site.<\/p>\n\n\n\n<p>This property provides flexibility to connect technical equipment and sensors for multiple application areas (e.g. BMS or agriculture).<\/p>\n\n\n\n<h2 class=\"wp-block-heading\">2. Networking of your equipment for data transmission and long-distance control.<\/h2>\n\n\n\n<p>DominIoT provides the routers, wired and\/or wireless, to connect the PLCs to the central server. The main standard communication protocols are supported to best tailor the solution to your needs.<\/p>\n\n\n\n<p>Wireless: LORA, LORAWAN, WiFi, ZigBee, 4G\/5G, Cat-M&amp;NBIOT, Wifi Halow<\/p>\n\n\n\n<p>And\/or wired: Ethernet, RS485, powerline;<\/p>\n\n\n\n<h2 class=\"wp-block-heading\">3. Connect the IoT network to the IT<\/h2>\n\n\n\n<p>DominIoT proposes to implement the connection between the IoT network and the company&rsquo;s information technologies (IT) in order to enable the collection, in real time, of data from sensors as well as advanced automation of equipment on field. This approach paves the way for smarter and more competitive decision-making, promotes innovation and enables process optimization.<\/p>\n\n\n\n<p>Our solution therefore offers a seamless connection between IoT and IT devices through the use of an encrypted and robust communication protocol such as MQTT. This protocol guarantees the confidentiality and integrity of data passing between IoT equipment and sensors and IT systems.<\/p>\n\n\n\n<p>In short, the success of this connection lies in the judicious combination of protocols, gateways and personalized architectures, aligned with the particular objectives of the company.<\/p>\n\n\n\n<h2 class=\"wp-block-heading\">4. Supervision and control with the DominIoT App<\/h2>\n\n\n\n<p>The DominIoT supervision application, installed in the Cloud or locally, connects and controls technical equipment and sensors. DominIoT provides the central server and its associated application which is accessible locally or remotely. <\/p>\n\n\n\n<p>The central server presents an interactive dashboard displaying data and status, alerts and analysis. <\/p>\n\n\n\n<p>All data and system actions are backed up in order to keep records, perform data analysis and perform system restoration. <\/p>\n\n\n\n<p>AI algorithms support the operator in supervision and automatic predictive analysis. <\/p>\n\n\n\n<p>The DominIoT application is of NoCode type, which allows its online functionality to be extended.<\/p>\n\n\n\n<h2 class=\"wp-block-heading\">5. Implementing Cybersecurity <\/h2>\n\n\n\n<p>Cybersecurity is a major concern for DominIoT, as the expansion of the number of connected devices increases the potential for vulnerabilities and cyber threats. DominIoT integrates security practices at all levels, from the device, the networks, and the application. Key aspects of cybersecurity include:<\/p>\n\n\n\n<ul>\n<li>Robust authentication and authorization to ensure that only authorized devices have access to the network with control over their actions,<\/li>\n\n\n\n<li>Encrypting data against interception or unauthorized access,<\/li>\n\n\n\n<li>Traffic monitoring to detect suspicious traffic patterns or malicious activity,<\/li>\n\n\n\n<li>A continuous threat and vulnerability management service to identify and mitigate potential risks.<\/li>\n<\/ul>\n\n\n\n<div style=\"height:29px\" aria-hidden=\"true\" class=\"wp-block-spacer\"><\/div>\n\n\n\n<h1 class=\"wp-block-heading has-text-align-center\">Implementation of the solution<\/h1>\n\n\n\n<p>The 5 technical steps for implementing the DominIoT solution are accompanied by a visual connection plan (illustration below) that will have been defined with you.<\/p>\n\n\n\n<p>It takes into account the connection of your equipment, sensors, PLCs and IoT communication network management means as well as their connection to the application server in the cloud or locally.<\/p>\n\n\n\n<p>Beyond the example below which concerns BMS, the DominIoT solution covers all use cases shown <a href=\"https:\/\/dominiot.com\/index.php\/cas-dusage\/\">here<\/a>.<\/p>\n\n\n\n<div style=\"height:25px\" aria-hidden=\"true\" class=\"wp-block-spacer\"><\/div>\n\n\n\n<figure class=\"wp-block-image size-full\"><a href=\"https:\/\/dominiot.com\/index.php\/solutions\/implement-sys-v2\/\"><img loading=\"lazy\" decoding=\"async\" width=\"2490\" height=\"1474\" src=\"https:\/\/dominiot.com\/wp-content\/uploads\/2024\/01\/IMPLEMENT-SYS-v2.jpg\" alt=\"\" class=\"wp-image-1065\" srcset=\"https:\/\/dominiot.com\/wp-content\/uploads\/2024\/01\/IMPLEMENT-SYS-v2.jpg 2490w, https:\/\/dominiot.com\/wp-content\/uploads\/2024\/01\/IMPLEMENT-SYS-v2-1280x758.jpg 1280w, https:\/\/dominiot.com\/wp-content\/uploads\/2024\/01\/IMPLEMENT-SYS-v2-980x580.jpg 980w, https:\/\/dominiot.com\/wp-content\/uploads\/2024\/01\/IMPLEMENT-SYS-v2-480x284.jpg 480w\" sizes=\"(min-width: 0px) and (max-width: 480px) 480px, (min-width: 481px) and (max-width: 980px) 980px, (min-width: 981px) and (max-width: 1280px) 1280px, (min-width: 1281px) 2490px, 100vw\" \/><\/a><\/figure>\n\n\n\n<div style=\"height:37px\" aria-hidden=\"true\" class=\"wp-block-spacer\"><\/div>\n\n\n\n<h1 class=\"wp-block-heading has-text-align-center\">DominIoT is here to support you <\/h1>\n\n\n\n<p class=\"accompagne\" id=\"accompagne\">The completion of your project will follow the steps presented <a href=\"https:\/\/dominiot.com\/#support\">here<\/a><a href=\"https:\/\/dominiot.fr\/acceuil\" data-type=\"page\" data-id=\"2\">.<\/a><\/p>\n","protected":false},"excerpt":{"rendered":"<p>Installation in five steps 1. Connection of your technical equipment and sensors DominIoT provides the PLCs for connecting to the technical equipment that allow these devices to be controlled and controlled remotely by wired or wireless link. The DominIoT solution supports the main connection protocols of most technical equipment (BACnet, Modbus, LonWorks, KNX, TCP\/IP) which [&hellip;]<\/p>\n","protected":false},"author":1,"featured_media":237,"parent":0,"menu_order":0,"comment_status":"closed","ping_status":"closed","template":"","meta":{"_et_pb_use_builder":"on","_et_pb_old_content":"<!-- wp:paragraph -->\n<p><\/p>\n<!-- \/wp:paragraph -->\n\n<!-- wp:heading {\"level\":1} -->\n<h1 class=\"wp-block-heading\">\u00c9tapes techniques de la solution DominIoT<\/h1>\n<!-- \/wp:heading -->\n\n<!-- wp:paragraph -->\n<p>L\u2019installation de la solution DominIoT s\u2019effectue en quatre \u00e9tapes :<\/p>\n<!-- \/wp:paragraph -->\n\n<!-- wp:heading -->\n<h2 class=\"wp-block-heading\">1. Raccordement de vos \u00e9quipements techniques et capteurs<\/h2>\n<!-- \/wp:heading -->\n\n<!-- wp:paragraph -->\n<p>DominIoT fournis les automates de connexion aux \u00e9quipements techniques qui permettent de contr\u00f4ler et commander ces \u00e9quipements \u00e0 distance par liaison filaire ou sans fil. La solution DominIoT supporte les principaux protocoles de raccordement de la plupart des \u00e9quipements techniques (BACnet, Modbus, LonWorks, KNX, TCP\/IP) ce qui la rend facilement d\u00e9ployable sur votre site. Cette propri\u00e9t\u00e9 apporte une flexibilit\u00e9 permettant de brancher des \u00e9quipements techniques et capteurs pour de multiples domaines d\u2019application (par exemple GTB ou agriculture).<\/p>\n<!-- \/wp:paragraph -->\n\n<!-- wp:heading -->\n<h2 class=\"wp-block-heading\">2. Mise en r\u00e9seau de vos \u00e9quipements pour la transmission de donn\u00e9es et contr\u00f4le \u00e0 longue distance. <\/h2>\n<!-- \/wp:heading -->\n\n<!-- wp:paragraph -->\n<p>DominIoT fournis les routeurs, filaires et\/ou sans fil, permettant de connecter les automates au serveur central. Les principaux protocoles de communication standards sont support\u00e9s pour ajuster au mieux la solution \u00e0 vos besoins. <\/p>\n<!-- \/wp:paragraph -->\n\n<!-- wp:paragraph -->\n<p>Sans fil : LORA, LORAWAN, WiFi, ZigBee, 4G\/5G, Cat-M&amp;NBIOT, Wifi Halow <\/p>\n<!-- \/wp:paragraph -->\n\n<!-- wp:paragraph -->\n<p>Et\/Ou filaire : Ethernet, RS485, courant porteur ;<\/p>\n<!-- \/wp:paragraph -->\n\n<!-- wp:heading -->\n<h2 class=\"wp-block-heading\">3. Supervision et contr\u00f4le avec l\u2019App DominIoT<\/h2>\n<!-- \/wp:heading -->\n\n<!-- wp:paragraph -->\n<p>Install\u00e9e dans le Cloud ou en local, l'application permet de connecter et piloter les \u00e9quipements techniques et capteurs. DominIoT fournis le serveur central et son application associ\u00e9e accessible localement ou \u00e0 distance. Le serveur central pr\u00e9sente un tableau de bord interactif d\u2019affichage des donn\u00e9es et \u00e9tats, d\u2019alertes et d\u2019analyse. Les algorithmes d\u2019IA supportent l\u2019op\u00e9rateur dans la supervision et l\u2019analyse pr\u00e9dictive automatique. Toutes les donn\u00e9es et actions du syst\u00e8me sont sauvegard\u00e9 afin d\u2019en garder des traces et d\u2019effectuer la restauration du syst\u00e8me. L\u2019application DominIoT permet en suppl\u00e9ment d\u2019\u00e9tendre ses fonctionnalit\u00e9s.<\/p>\n<!-- \/wp:paragraph -->\n\n<!-- wp:heading -->\n<h2 class=\"wp-block-heading\">4. Impl\u00e9mentation d'une Cybersecurit\u00e9 <\/h2>\n<!-- \/wp:heading -->\n\n<!-- wp:paragraph -->\n<p>La cybers\u00e9curit\u00e9 est une pr\u00e9occupation majeure de DominIoT, car l'expansion du nombre d'appareils connect\u00e9s accro\u00eet le potentiel de vuln\u00e9rabilit\u00e9s et de cybermenaces. DominIoT int\u00e8gre des pratiques de s\u00e9curit\u00e9 \u00e0 tous les niveaux, de l\u2019\u00e9quipement, des r\u00e9seaux et de l\u2019application. Les aspects cl\u00e9s de la cybers\u00e9curit\u00e9 incluent :<\/p>\n<!-- \/wp:paragraph -->\n\n<!-- wp:list -->\n<ul><!-- wp:list-item -->\n<li>L\u2019authentification et l\u2019autorisation robuste pour garantir que seuls les dispositifs autoris\u00e9s ont acc\u00e8s au r\u00e9seau avec contr\u00f4le de leur action,<\/li>\n<!-- \/wp:list-item -->\n\n<!-- wp:list-item -->\n<li>Le chiffrement des donn\u00e9es contre l'interception ou l'acc\u00e8s non autoris\u00e9,<\/li>\n<!-- \/wp:list-item -->\n\n<!-- wp:list-item -->\n<li>La surveillance du trafic pour d\u00e9tecter les mod\u00e8les de trafic suspects ou les activit\u00e9s malveillantes,<\/li>\n<!-- \/wp:list-item -->\n\n<!-- wp:list-item -->\n<li>Un service de gestion continue des menaces et des vuln\u00e9rabilit\u00e9s pour identifier et att\u00e9nuer les risques potentiels.<\/li>\n<!-- \/wp:list-item --><\/ul>\n<!-- \/wp:list -->\n\n<!-- wp:heading {\"level\":1} -->\n<h1 class=\"wp-block-heading\">Mise en syst\u00e8me de la solution<\/h1>\n<!-- \/wp:heading -->\n\n<!-- wp:paragraph -->\n<p>Les 4 \u00e9tapes techniques sont illustr\u00e9es ci-dessous avec la prise en compte dans le syst\u00e8me DominIoT d'une grand vari\u00e9t\u00e9 d'\u00e9quipement pour couvrir les cas d'usages pris en charge. <\/p>\n<!-- \/wp:paragraph -->\n\n<!-- wp:image {\"id\":232,\"sizeSlug\":\"full\",\"linkDestination\":\"attachment\"} -->\n<figure class=\"wp-block-image size-full\"><a href=\"https:\/\/dominiot.fr\/index.php\/solutions\/detailsol1-1\/\"><img src=\"https:\/\/dominiot.fr\/wp-content\/uploads\/2023\/12\/DetailSol1-1.png\" alt=\"\" class=\"wp-image-232\"\/><\/a><\/figure>\n<!-- \/wp:image -->\n\n<!-- wp:heading {\"level\":1} -->\n<h1 class=\"wp-block-heading\">DominIoT vous accompagne <\/h1>\n<!-- \/wp:heading -->\n\n<!-- wp:paragraph {\"className\":\"accompagne\"} -->\n<p class=\"accompagne\" id=\"accompagne\">La r\u00e9alisation de votre projet suivra les \u00e9tapes pr\u00e9sent\u00e9es <a href=\"https:\/\/dominiot.fr\/#accompagne\" data-type=\"link\" data-id=\"https:\/\/dominiot.fr\/#accompagne\">ici<\/a><a href=\"https:\/\/dominiot.fr\/acceuil\" data-type=\"page\" data-id=\"2\">.<\/a><\/p>\n<!-- \/wp:paragraph -->","_et_gb_content_width":"","footnotes":""},"yoast_head":"<!-- This site is optimized with the Yoast SEO plugin v21.7 - https:\/\/yoast.com\/wordpress\/plugins\/seo\/ -->\n<title>DominIoT Design - Dominiotcom<\/title>\n<meta name=\"description\" content=\"IoT connection of your existing equipment for more efficient and economical management.\" \/>\n<meta name=\"robots\" content=\"index, follow, max-snippet:-1, max-image-preview:large, max-video-preview:-1\" \/>\n<link rel=\"canonical\" href=\"https:\/\/dominiot.com\/index.php\/solutions\/\" \/>\n<meta property=\"og:locale\" content=\"fr_FR\" \/>\n<meta property=\"og:type\" content=\"article\" \/>\n<meta property=\"og:title\" content=\"DominIoT Design - Dominiotcom\" \/>\n<meta property=\"og:description\" content=\"IoT connection of your existing equipment for more efficient and economical management.\" \/>\n<meta property=\"og:url\" content=\"https:\/\/dominiot.com\/index.php\/solutions\/\" \/>\n<meta property=\"og:site_name\" content=\"Dominiotcom\" \/>\n<meta property=\"article:modified_time\" content=\"2024-01-12T18:20:20+00:00\" \/>\n<meta property=\"og:image\" content=\"https:\/\/dominiot.com\/wp-content\/uploads\/2023\/12\/iot-4085382_1280.jpg\" \/>\n\t<meta property=\"og:image:width\" content=\"1280\" \/>\n\t<meta property=\"og:image:height\" content=\"853\" \/>\n\t<meta property=\"og:image:type\" content=\"image\/jpeg\" \/>\n<meta name=\"twitter:card\" content=\"summary_large_image\" \/>\n<meta name=\"twitter:label1\" content=\"Dur\u00e9e de lecture estim\u00e9e\" \/>\n\t<meta name=\"twitter:data1\" content=\"4 minutes\" \/>\n<script type=\"application\/ld+json\" class=\"yoast-schema-graph\">{\"@context\":\"https:\/\/schema.org\",\"@graph\":[{\"@type\":\"WebPage\",\"@id\":\"https:\/\/dominiot.com\/index.php\/solutions\/\",\"url\":\"https:\/\/dominiot.com\/index.php\/solutions\/\",\"name\":\"DominIoT Design - Dominiotcom\",\"isPartOf\":{\"@id\":\"https:\/\/dominiot.com\/#website\"},\"datePublished\":\"2023-12-16T00:16:03+00:00\",\"dateModified\":\"2024-01-12T18:20:20+00:00\",\"description\":\"IoT connection of your existing equipment for more efficient and economical management.\",\"breadcrumb\":{\"@id\":\"https:\/\/dominiot.com\/index.php\/solutions\/#breadcrumb\"},\"inLanguage\":\"fr-FR\",\"potentialAction\":[{\"@type\":\"ReadAction\",\"target\":[\"https:\/\/dominiot.com\/index.php\/solutions\/\"]}]},{\"@type\":\"BreadcrumbList\",\"@id\":\"https:\/\/dominiot.com\/index.php\/solutions\/#breadcrumb\",\"itemListElement\":[{\"@type\":\"ListItem\",\"position\":1,\"name\":\"Accueil\",\"item\":\"https:\/\/dominiot.com\/\"},{\"@type\":\"ListItem\",\"position\":2,\"name\":\"DominIoT Design\"}]},{\"@type\":\"WebSite\",\"@id\":\"https:\/\/dominiot.com\/#website\",\"url\":\"https:\/\/dominiot.com\/\",\"name\":\"Dominiotcom\",\"description\":\"\",\"potentialAction\":[{\"@type\":\"SearchAction\",\"target\":{\"@type\":\"EntryPoint\",\"urlTemplate\":\"https:\/\/dominiot.com\/?s={search_term_string}\"},\"query-input\":\"required name=search_term_string\"}],\"inLanguage\":\"fr-FR\"}]}<\/script>\n<!-- \/ Yoast SEO plugin. -->","yoast_head_json":{"title":"DominIoT Design - Dominiotcom","description":"IoT connection of your existing equipment for more efficient and economical management.","robots":{"index":"index","follow":"follow","max-snippet":"max-snippet:-1","max-image-preview":"max-image-preview:large","max-video-preview":"max-video-preview:-1"},"canonical":"https:\/\/dominiot.com\/index.php\/solutions\/","og_locale":"fr_FR","og_type":"article","og_title":"DominIoT Design - Dominiotcom","og_description":"IoT connection of your existing equipment for more efficient and economical management.","og_url":"https:\/\/dominiot.com\/index.php\/solutions\/","og_site_name":"Dominiotcom","article_modified_time":"2024-01-12T18:20:20+00:00","og_image":[{"width":1280,"height":853,"url":"https:\/\/dominiot.com\/wp-content\/uploads\/2023\/12\/iot-4085382_1280.jpg","type":"image\/jpeg"}],"twitter_card":"summary_large_image","twitter_misc":{"Dur\u00e9e de lecture estim\u00e9e":"4 minutes"},"schema":{"@context":"https:\/\/schema.org","@graph":[{"@type":"WebPage","@id":"https:\/\/dominiot.com\/index.php\/solutions\/","url":"https:\/\/dominiot.com\/index.php\/solutions\/","name":"DominIoT Design - Dominiotcom","isPartOf":{"@id":"https:\/\/dominiot.com\/#website"},"datePublished":"2023-12-16T00:16:03+00:00","dateModified":"2024-01-12T18:20:20+00:00","description":"IoT connection of your existing equipment for more efficient and economical management.","breadcrumb":{"@id":"https:\/\/dominiot.com\/index.php\/solutions\/#breadcrumb"},"inLanguage":"fr-FR","potentialAction":[{"@type":"ReadAction","target":["https:\/\/dominiot.com\/index.php\/solutions\/"]}]},{"@type":"BreadcrumbList","@id":"https:\/\/dominiot.com\/index.php\/solutions\/#breadcrumb","itemListElement":[{"@type":"ListItem","position":1,"name":"Accueil","item":"https:\/\/dominiot.com\/"},{"@type":"ListItem","position":2,"name":"DominIoT Design"}]},{"@type":"WebSite","@id":"https:\/\/dominiot.com\/#website","url":"https:\/\/dominiot.com\/","name":"Dominiotcom","description":"","potentialAction":[{"@type":"SearchAction","target":{"@type":"EntryPoint","urlTemplate":"https:\/\/dominiot.com\/?s={search_term_string}"},"query-input":"required name=search_term_string"}],"inLanguage":"fr-FR"}]}},"_links":{"self":[{"href":"https:\/\/dominiot.com\/index.php\/wp-json\/wp\/v2\/pages\/99"}],"collection":[{"href":"https:\/\/dominiot.com\/index.php\/wp-json\/wp\/v2\/pages"}],"about":[{"href":"https:\/\/dominiot.com\/index.php\/wp-json\/wp\/v2\/types\/page"}],"author":[{"embeddable":true,"href":"https:\/\/dominiot.com\/index.php\/wp-json\/wp\/v2\/users\/1"}],"replies":[{"embeddable":true,"href":"https:\/\/dominiot.com\/index.php\/wp-json\/wp\/v2\/comments?post=99"}],"version-history":[{"count":32,"href":"https:\/\/dominiot.com\/index.php\/wp-json\/wp\/v2\/pages\/99\/revisions"}],"predecessor-version":[{"id":1066,"href":"https:\/\/dominiot.com\/index.php\/wp-json\/wp\/v2\/pages\/99\/revisions\/1066"}],"wp:featuredmedia":[{"embeddable":true,"href":"https:\/\/dominiot.com\/index.php\/wp-json\/wp\/v2\/media\/237"}],"wp:attachment":[{"href":"https:\/\/dominiot.com\/index.php\/wp-json\/wp\/v2\/media?parent=99"}],"curies":[{"name":"wp","href":"https:\/\/api.w.org\/{rel}","templated":true}]}}