{"id":131,"date":"2023-12-16T01:34:52","date_gmt":"2023-12-16T00:34:52","guid":{"rendered":"https:\/\/dominiot.fr\/?page_id=131"},"modified":"2024-01-11T00:05:07","modified_gmt":"2024-01-11T00:05:07","slug":"cu-gtb","status":"publish","type":"page","link":"https:\/\/dominiot.com\/index.php\/cu-gtb\/","title":{"rendered":"Building Management System, the BMS"},"content":{"rendered":"<div class=\"wp-block-image\">\n<figure class=\"aligncenter size-large is-resized\"><img loading=\"lazy\" decoding=\"async\" width=\"1024\" height=\"678\" src=\"https:\/\/dominiot.com\/wp-content\/uploads\/2023\/12\/architecture-4438557_1280-1024x678.jpg\" alt=\"\" class=\"wp-image-426\" style=\"width:554px;height:auto\" srcset=\"https:\/\/dominiot.com\/wp-content\/uploads\/2023\/12\/architecture-4438557_1280-1024x678.jpg 1024w, https:\/\/dominiot.com\/wp-content\/uploads\/2023\/12\/architecture-4438557_1280-980x649.jpg 980w, https:\/\/dominiot.com\/wp-content\/uploads\/2023\/12\/architecture-4438557_1280-480x318.jpg 480w\" sizes=\"(min-width: 0px) and (max-width: 480px) 480px, (min-width: 481px) and (max-width: 980px) 980px, (min-width: 981px) 1024px, 100vw\" \/><\/figure><\/div>\n\n\n<div style=\"height:53px\" aria-hidden=\"true\" class=\"wp-block-spacer\"><\/div>\n\n\n\n<h2 class=\"wp-block-heading has-text-align-center\">DominIoT offers a BMS solution for building managers helping them improve operational efficiency, reduce energy costs, and create smarter and more sustainable work environment<\/h2>\n\n\n\n<div style=\"height:47px\" aria-hidden=\"true\" class=\"wp-block-spacer\"><\/div>\n\n\n\n<div class=\"wp-block-columns is-layout-flex wp-container-core-columns-layout-1 wp-block-columns-is-layout-flex\">\n<div class=\"wp-block-column is-layout-flow wp-block-column-is-layout-flow\">\n<div style=\"height:39px\" aria-hidden=\"true\" class=\"wp-block-spacer\"><\/div>\n\n\n\n<p>By integrating IoT into BMS, building managers improve operational efficiency, reduce energy costs, and create smarter and more sustainable work environments. BMS aims to optimize the performance of the technical equipment present in a building by offering innovative solutions to optimize energy performance, improve occupant comfort, and simplify the management of facilities.<\/p>\n<\/div>\n\n\n\n<div class=\"wp-block-column is-layout-flow wp-block-column-is-layout-flow\">\n<figure class=\"wp-block-image size-large is-resized\"><img loading=\"lazy\" decoding=\"async\" width=\"1024\" height=\"749\" src=\"https:\/\/dominiot.com\/wp-content\/uploads\/2024\/01\/City-ENG-1024x749.png\" alt=\"\" class=\"wp-image-995\" style=\"width:367px;height:auto\" srcset=\"https:\/\/dominiot.com\/wp-content\/uploads\/2024\/01\/City-ENG-980x717.png 980w, https:\/\/dominiot.com\/wp-content\/uploads\/2024\/01\/City-ENG-480x351.png 480w\" sizes=\"(min-width: 0px) and (max-width: 480px) 480px, (min-width: 481px) and (max-width: 980px) 980px, (min-width: 981px) 1024px, 100vw\" \/><\/figure>\n<\/div>\n<\/div>\n\n\n\n<div style=\"height:39px\" aria-hidden=\"true\" class=\"wp-block-spacer\"><\/div>\n\n\n\n<h1 class=\"wp-block-heading\">Here&rsquo;s how IoT can be applied  in BMS : <\/h1>\n\n\n\n<div style=\"height:44px\" aria-hidden=\"true\" class=\"wp-block-spacer\"><\/div>\n\n\n\n<h2 class=\"wp-block-heading\">Real-Time Equipment Monitoring<\/h2>\n\n\n\n<p>IoT sensors installed on building equipment, such as heating, ventilation, and air conditioning (HVAC) systems, enable real-time monitoring of performance. This facilitates the early detection of anomalies, predictive maintenance, and the optimization of energy consumption.<\/p>\n\n\n\n<h2 class=\"wp-block-heading\">Intelligent Lighting Management<\/h2>\n\n\n\n<p>IoT devices enable the implementation of smart lighting. Daylight and presence sensors automatically adjust the light intensity, contributing to significant energy savings.<\/p>\n\n\n\n<h2 class=\"wp-block-heading\">Centralized Control of HVAC Systems<\/h2>\n\n\n\n<p>IoT makes it easier to centrally manage HVAC systems. Temperature and humidity sensors automatically adjust settings to maintain optimal comfort conditions while reducing energy consumption.<\/p>\n\n\n\n<h2 class=\"wp-block-heading\">Energy Consumption Management<\/h2>\n\n\n\n<p>Smart meters and energy consumption sensors make it possible to monitor and analyze consumption patterns. This allows for more accurate management of energy costs and the implementation of energy efficiency strategies.<\/p>\n\n\n\n<h2 class=\"wp-block-heading\">Predictive Equipment Maintenance<\/h2>\n\n\n\n<p>IoT is used to monitor the condition of building equipment, anticipating maintenance needs and reducing downtime.<\/p>\n\n\n\n<h2 class=\"wp-block-heading\">Meeting Room Management<\/h2>\n\n\n\n<p>IoT sensors in meeting rooms help optimize the use of space. Data on the use and use of equipment helps to improve the efficiency of space planning.<\/p>\n\n\n\n<h2 class=\"wp-block-heading\">Intelligent Access Control<\/h2>\n\n\n\n<p>IoT can be applied for access control, allowing flexible and secure management of building entrances and exits.<\/p>\n\n\n\n<h2 class=\"wp-block-heading\">Water Leak Detection<\/h2>\n\n\n\n<p>IoT sensors are used to quickly detect water leaks, minimizing potential damage and reducing repair costs.<\/p>\n\n\n\n<h2 class=\"wp-block-heading\">Alert and Notification Systems<\/h2>\n\n\n\n<p>IoT enables the implementation of alert systems in the event of incidents, such as equipment failures, unusual temperature variations, or emergency situations.<\/p>\n\n\n\n<h2 class=\"wp-block-heading\">Data Analysis for Optimization<\/h2>\n\n\n\n<p>Data collected by IoT devices is analyzed to identify trends, optimize operations, and make informed building management decisions.<\/p>\n","protected":false},"excerpt":{"rendered":"<p>DominIoT offers a BMS solution for building managers helping them improve operational efficiency, reduce energy costs, and create smarter and more sustainable work environment By integrating IoT into BMS, building managers improve operational efficiency, reduce energy costs, and create smarter and more sustainable work environments. BMS aims to optimize the performance of the technical equipment [&hellip;]<\/p>\n","protected":false},"author":1,"featured_media":428,"parent":0,"menu_order":0,"comment_status":"closed","ping_status":"closed","template":"","meta":{"_et_pb_use_builder":"on","_et_pb_old_content":"<!-- wp:cover {\"url\":\"https:\/\/dominiot.com\/wp-content\/uploads\/2023\/12\/architecture-4438557_1280.jpg\",\"id\":426,\"dimRatio\":20,\"layout\":{\"type\":\"constrained\"},\"fontSize\":\"medium\"} -->\n<div class=\"wp-block-cover has-medium-font-size\"><span aria-hidden=\"true\" class=\"wp-block-cover__background has-background-dim-20 has-background-dim\"><\/span><img class=\"wp-block-cover__image-background wp-image-426\" alt=\"\" src=\"https:\/\/dominiot.com\/wp-content\/uploads\/2023\/12\/architecture-4438557_1280.jpg\" data-object-fit=\"cover\"\/><div class=\"wp-block-cover__inner-container\"><!-- wp:heading {\"style\":{\"typography\":{\"fontSize\":\"26px\"}}} -->\n<h2 class=\"wp-block-heading\" style=\"font-size:26px\"><strong><strong><mark style=\"background-color:rgba(0, 0, 0, 0)\" class=\"has-inline-color has-white-color\">DominIoT propose une solution de GTB pour les gestionnaires de b\u00e2timents les aidant \u00e0 am\u00e9liorer l'efficacit\u00e9 op\u00e9rationnelle, r\u00e9duire les co\u00fbts \u00e9nerg\u00e9tiques, et cr\u00e9er des environnements de travail plus intelligents et durables.<\/mark><\/strong><\/strong><\/h2>\n<!-- \/wp:heading --><\/div><\/div>\n<!-- \/wp:cover -->\n\n<!-- wp:paragraph -->\n<p><\/p>\n<!-- \/wp:paragraph -->\n\n<!-- wp:paragraph -->\n<p>En int\u00e9grant l'IoT dans la GTB, les gestionnaires de b\u00e2timents am\u00e9liorent l'efficacit\u00e9 op\u00e9rationnelle, r\u00e9duisant les co\u00fbts \u00e9nerg\u00e9tiques, et cr\u00e9ent des environnements de travail plus intelligents et durables. La GTB vise \u00e0 optimiser les performances des \u00e9quipements techniques pr\u00e9sents dans un b\u00e2timent en offrant des solutions innovantes pour optimiser les performances \u00e9nerg\u00e9tiques, am\u00e9liorer le confort des occupants, et simplifier la gestion des installations. <\/p>\n<!-- \/wp:paragraph -->\n\n<!-- wp:image {\"align\":\"center\",\"id\":411,\"width\":\"449px\",\"height\":\"auto\",\"sizeSlug\":\"large\",\"linkDestination\":\"none\"} -->\n<figure class=\"wp-block-image aligncenter size-large is-resized\"><img src=\"https:\/\/dominiot.com\/wp-content\/uploads\/2023\/12\/GTB-1024x717.png\" alt=\"\" class=\"wp-image-411\" style=\"width:449px;height:auto\"\/><\/figure>\n<!-- \/wp:image -->\n\n<!-- wp:paragraph -->\n<p>Voici comment l'IoT peut \u00eatre appliqu\u00e9 sp\u00e9cifiquement dans le cadre de la GTB :<\/p>\n<!-- \/wp:paragraph -->\n\n<!-- wp:heading -->\n<h2 class=\"wp-block-heading\"><strong>Surveillance en Temps R\u00e9el des \u00c9quipements<\/strong><\/h2>\n<!-- \/wp:heading -->\n\n<!-- wp:paragraph -->\n<p>Les capteurs IoT install\u00e9s sur les \u00e9quipements du b\u00e2timent, tels que les syst\u00e8mes de chauffage, de ventilation et de climatisation (CVC), permettent une surveillance en temps r\u00e9el des performances. Cela facilite la d\u00e9tection pr\u00e9coce des anomalies, la maintenance pr\u00e9dictive, et l'optimisation des consommations \u00e9nerg\u00e9tiques.<\/p>\n<!-- \/wp:paragraph -->\n\n<!-- wp:heading -->\n<h2 class=\"wp-block-heading\"><strong>Gestion Intelligente de l'\u00c9clairage<\/strong><\/h2>\n<!-- \/wp:heading -->\n\n<!-- wp:paragraph -->\n<p>Les dispositifs IoT permettent la mise en place d'un \u00e9clairage intelligent. Des capteurs de lumi\u00e8re naturelle et de pr\u00e9sence ajustent automatiquement l'intensit\u00e9 lumineuse, contribuant ainsi \u00e0 des \u00e9conomies d'\u00e9nergie significatives.<\/p>\n<!-- \/wp:paragraph -->\n\n<!-- wp:heading -->\n<h2 class=\"wp-block-heading\"><strong>Contr\u00f4le Centralis\u00e9 des Syst\u00e8mes CVC<\/strong><\/h2>\n<!-- \/wp:heading -->\n\n<!-- wp:paragraph -->\n<p>L'IoT facilite la gestion centralis\u00e9e des syst\u00e8mes de CVC. Les capteurs de temp\u00e9rature et d'humidit\u00e9 ajustent automatiquement les param\u00e8tres pour maintenir des conditions de confort optimales tout en r\u00e9duisant la consommation d'\u00e9nergie.<\/p>\n<!-- \/wp:paragraph -->\n\n<!-- wp:heading -->\n<h2 class=\"wp-block-heading\"><strong>Gestion des Consommations \u00c9nerg\u00e9tiques<\/strong> :<\/h2>\n<!-- \/wp:heading -->\n\n<!-- wp:paragraph -->\n<p>Les compteurs intelligents et les capteurs de consommation \u00e9nerg\u00e9tique permettent de surveiller et d'analyser les habitudes de consommation. Cela permet une gestion plus pr\u00e9cise des co\u00fbts \u00e9nerg\u00e9tiques et la mise en place de strat\u00e9gies d'efficacit\u00e9 \u00e9nerg\u00e9tique.<\/p>\n<!-- \/wp:paragraph -->\n\n<!-- wp:heading -->\n<h2 class=\"wp-block-heading\"><strong>Maintenance Pr\u00e9dictive des \u00c9quipements<\/strong><\/h2>\n<!-- \/wp:heading -->\n\n<!-- wp:paragraph -->\n<p>L'IoT est utilis\u00e9 pour surveiller l'\u00e9tat des \u00e9quipements du b\u00e2timent, anticipant ainsi les besoins de maintenance et r\u00e9duisant les temps d'indisponibilit\u00e9.<\/p>\n<!-- \/wp:paragraph -->\n\n<!-- wp:heading -->\n<h2 class=\"wp-block-heading\">Gestion des Salles de R\u00e9union<\/h2>\n<!-- \/wp:heading -->\n\n<!-- wp:paragraph -->\n<p>Des capteurs IoT dans les salles de r\u00e9union permettent d'optimiser l'utilisation de l'espace. Les donn\u00e9es sur la fr\u00e9quentation et l'utilisation des \u00e9quipements contribuent \u00e0 am\u00e9liorer l'efficacit\u00e9 de l'am\u00e9nagement des espaces.<\/p>\n<!-- \/wp:paragraph -->\n\n<!-- wp:heading -->\n<h2 class=\"wp-block-heading\">Contr\u00f4le d'Acc\u00e8s Intelligent<\/h2>\n<!-- \/wp:heading -->\n\n<!-- wp:paragraph -->\n<p>L'IoT peut \u00eatre appliqu\u00e9 pour le contr\u00f4le d'acc\u00e8s, permettant une gestion flexible et s\u00e9curis\u00e9e des entr\u00e9es et sorties du b\u00e2timent.<\/p>\n<!-- \/wp:paragraph -->\n\n<!-- wp:heading -->\n<h2 class=\"wp-block-heading\">D\u00e9tection des Fuites d'Eau<\/h2>\n<!-- \/wp:heading -->\n\n<!-- wp:paragraph -->\n<p>Des capteurs IoT sont utilis\u00e9s pour d\u00e9tecter rapidement les fuites d'eau, minimisant ainsi les d\u00e9g\u00e2ts potentiels et r\u00e9duisant les co\u00fbts de r\u00e9paration.<\/p>\n<!-- \/wp:paragraph -->\n\n<!-- wp:heading -->\n<h2 class=\"wp-block-heading\">Syst\u00e8mes d'Alerte et de Notification<\/h2>\n<!-- \/wp:heading -->\n\n<!-- wp:paragraph -->\n<p>L'IoT permet la mise en place de syst\u00e8mes d'alerte en cas d'incidents, tels que des pannes d'\u00e9quipement, des variations inhabituelles de temp\u00e9rature, ou des situations d'urgence.<\/p>\n<!-- \/wp:paragraph -->\n\n<!-- wp:heading -->\n<h2 class=\"wp-block-heading\">Analyse de Donn\u00e9es pour l'Optimisation<\/h2>\n<!-- \/wp:heading -->\n\n<!-- wp:paragraph -->\n<p>Les donn\u00e9es collect\u00e9es par les dispositifs IoT sont analys\u00e9es pour identifier des tendances, optimiser les op\u00e9rations, et prendre des d\u00e9cisions inform\u00e9es en mati\u00e8re de gestion du b\u00e2timent.<\/p>\n<!-- \/wp:paragraph -->","_et_gb_content_width":"","footnotes":""},"yoast_head":"<!-- This site is optimized with the Yoast SEO plugin v21.7 - https:\/\/yoast.com\/wordpress\/plugins\/seo\/ -->\n<title>operational efficiency - reduce energy costs - smarter work environments -<\/title>\n<meta name=\"description\" content=\"DominIoT solutions help to improve operational efficiency, reduce energy costs, and create smarter and more sustainable work environments, in BMS area.\" \/>\n<meta name=\"robots\" content=\"index, follow, max-snippet:-1, max-image-preview:large, max-video-preview:-1\" \/>\n<link rel=\"canonical\" href=\"https:\/\/dominiot.com\/index.php\/cu-gtb\/\" \/>\n<meta property=\"og:locale\" content=\"fr_FR\" \/>\n<meta property=\"og:type\" content=\"article\" \/>\n<meta property=\"og:title\" content=\"operational efficiency - reduce energy costs - smarter work environments -\" \/>\n<meta property=\"og:description\" content=\"DominIoT solutions help to improve operational efficiency, reduce energy costs, and create smarter and more sustainable work environments, in BMS area.\" \/>\n<meta property=\"og:url\" content=\"https:\/\/dominiot.com\/index.php\/cu-gtb\/\" \/>\n<meta property=\"og:site_name\" content=\"Dominiotcom\" \/>\n<meta property=\"article:modified_time\" content=\"2024-01-11T00:05:07+00:00\" \/>\n<meta property=\"og:image\" content=\"https:\/\/dominiot.com\/wp-content\/uploads\/2023\/12\/architecture-22039_1280.jpg\" \/>\n\t<meta property=\"og:image:width\" content=\"1280\" \/>\n\t<meta property=\"og:image:height\" content=\"853\" \/>\n\t<meta property=\"og:image:type\" content=\"image\/jpeg\" \/>\n<meta name=\"twitter:card\" content=\"summary_large_image\" \/>\n<meta name=\"twitter:label1\" content=\"Dur\u00e9e de lecture estim\u00e9e\" \/>\n\t<meta name=\"twitter:data1\" content=\"3 minutes\" \/>\n<script type=\"application\/ld+json\" class=\"yoast-schema-graph\">{\"@context\":\"https:\/\/schema.org\",\"@graph\":[{\"@type\":\"WebPage\",\"@id\":\"https:\/\/dominiot.com\/index.php\/cu-gtb\/\",\"url\":\"https:\/\/dominiot.com\/index.php\/cu-gtb\/\",\"name\":\"operational efficiency - reduce energy costs - smarter work environments -\",\"isPartOf\":{\"@id\":\"https:\/\/dominiot.com\/#website\"},\"datePublished\":\"2023-12-16T00:34:52+00:00\",\"dateModified\":\"2024-01-11T00:05:07+00:00\",\"description\":\"DominIoT solutions help to improve operational efficiency, reduce energy costs, and create smarter and more sustainable work environments, in BMS area.\",\"breadcrumb\":{\"@id\":\"https:\/\/dominiot.com\/index.php\/cu-gtb\/#breadcrumb\"},\"inLanguage\":\"fr-FR\",\"potentialAction\":[{\"@type\":\"ReadAction\",\"target\":[\"https:\/\/dominiot.com\/index.php\/cu-gtb\/\"]}]},{\"@type\":\"BreadcrumbList\",\"@id\":\"https:\/\/dominiot.com\/index.php\/cu-gtb\/#breadcrumb\",\"itemListElement\":[{\"@type\":\"ListItem\",\"position\":1,\"name\":\"Accueil\",\"item\":\"https:\/\/dominiot.com\/\"},{\"@type\":\"ListItem\",\"position\":2,\"name\":\"Building Management System, the BMS\"}]},{\"@type\":\"WebSite\",\"@id\":\"https:\/\/dominiot.com\/#website\",\"url\":\"https:\/\/dominiot.com\/\",\"name\":\"Dominiotcom\",\"description\":\"\",\"potentialAction\":[{\"@type\":\"SearchAction\",\"target\":{\"@type\":\"EntryPoint\",\"urlTemplate\":\"https:\/\/dominiot.com\/?s={search_term_string}\"},\"query-input\":\"required name=search_term_string\"}],\"inLanguage\":\"fr-FR\"}]}<\/script>\n<!-- \/ Yoast SEO plugin. -->","yoast_head_json":{"title":"operational efficiency - reduce energy costs - smarter work environments -","description":"DominIoT solutions help to improve operational efficiency, reduce energy costs, and create smarter and more sustainable work environments, in BMS area.","robots":{"index":"index","follow":"follow","max-snippet":"max-snippet:-1","max-image-preview":"max-image-preview:large","max-video-preview":"max-video-preview:-1"},"canonical":"https:\/\/dominiot.com\/index.php\/cu-gtb\/","og_locale":"fr_FR","og_type":"article","og_title":"operational efficiency - reduce energy costs - smarter work environments -","og_description":"DominIoT solutions help to improve operational efficiency, reduce energy costs, and create smarter and more sustainable work environments, in BMS area.","og_url":"https:\/\/dominiot.com\/index.php\/cu-gtb\/","og_site_name":"Dominiotcom","article_modified_time":"2024-01-11T00:05:07+00:00","og_image":[{"width":1280,"height":853,"url":"https:\/\/dominiot.com\/wp-content\/uploads\/2023\/12\/architecture-22039_1280.jpg","type":"image\/jpeg"}],"twitter_card":"summary_large_image","twitter_misc":{"Dur\u00e9e de lecture estim\u00e9e":"3 minutes"},"schema":{"@context":"https:\/\/schema.org","@graph":[{"@type":"WebPage","@id":"https:\/\/dominiot.com\/index.php\/cu-gtb\/","url":"https:\/\/dominiot.com\/index.php\/cu-gtb\/","name":"operational efficiency - reduce energy costs - smarter work environments -","isPartOf":{"@id":"https:\/\/dominiot.com\/#website"},"datePublished":"2023-12-16T00:34:52+00:00","dateModified":"2024-01-11T00:05:07+00:00","description":"DominIoT solutions help to improve operational efficiency, reduce energy costs, and create smarter and more sustainable work environments, in BMS area.","breadcrumb":{"@id":"https:\/\/dominiot.com\/index.php\/cu-gtb\/#breadcrumb"},"inLanguage":"fr-FR","potentialAction":[{"@type":"ReadAction","target":["https:\/\/dominiot.com\/index.php\/cu-gtb\/"]}]},{"@type":"BreadcrumbList","@id":"https:\/\/dominiot.com\/index.php\/cu-gtb\/#breadcrumb","itemListElement":[{"@type":"ListItem","position":1,"name":"Accueil","item":"https:\/\/dominiot.com\/"},{"@type":"ListItem","position":2,"name":"Building Management System, the BMS"}]},{"@type":"WebSite","@id":"https:\/\/dominiot.com\/#website","url":"https:\/\/dominiot.com\/","name":"Dominiotcom","description":"","potentialAction":[{"@type":"SearchAction","target":{"@type":"EntryPoint","urlTemplate":"https:\/\/dominiot.com\/?s={search_term_string}"},"query-input":"required name=search_term_string"}],"inLanguage":"fr-FR"}]}},"_links":{"self":[{"href":"https:\/\/dominiot.com\/index.php\/wp-json\/wp\/v2\/pages\/131"}],"collection":[{"href":"https:\/\/dominiot.com\/index.php\/wp-json\/wp\/v2\/pages"}],"about":[{"href":"https:\/\/dominiot.com\/index.php\/wp-json\/wp\/v2\/types\/page"}],"author":[{"embeddable":true,"href":"https:\/\/dominiot.com\/index.php\/wp-json\/wp\/v2\/users\/1"}],"replies":[{"embeddable":true,"href":"https:\/\/dominiot.com\/index.php\/wp-json\/wp\/v2\/comments?post=131"}],"version-history":[{"count":14,"href":"https:\/\/dominiot.com\/index.php\/wp-json\/wp\/v2\/pages\/131\/revisions"}],"predecessor-version":[{"id":1005,"href":"https:\/\/dominiot.com\/index.php\/wp-json\/wp\/v2\/pages\/131\/revisions\/1005"}],"wp:featuredmedia":[{"embeddable":true,"href":"https:\/\/dominiot.com\/index.php\/wp-json\/wp\/v2\/media\/428"}],"wp:attachment":[{"href":"https:\/\/dominiot.com\/index.php\/wp-json\/wp\/v2\/media?parent=131"}],"curies":[{"name":"wp","href":"https:\/\/api.w.org\/{rel}","templated":true}]}}