{"id":118,"date":"2023-12-16T01:30:20","date_gmt":"2023-12-16T00:30:20","guid":{"rendered":"https:\/\/dominiot.fr\/?page_id=118"},"modified":"2024-01-10T22:07:42","modified_gmt":"2024-01-10T22:07:42","slug":"cu-sante","status":"publish","type":"page","link":"https:\/\/dominiot.com\/index.php\/cu-sante\/","title":{"rendered":"Health"},"content":{"rendered":"<div class=\"wp-block-image\">\n<figure class=\"aligncenter size-large is-resized\"><img loading=\"lazy\" decoding=\"async\" width=\"1024\" height=\"682\" src=\"https:\/\/dominiot.com\/wp-content\/uploads\/2023\/12\/chemist-2815640_1280-1024x682.jpg\" alt=\"\" class=\"wp-image-450\" style=\"width:531px;height:auto\" srcset=\"https:\/\/dominiot.com\/wp-content\/uploads\/2023\/12\/chemist-2815640_1280-1024x682.jpg 1024w, https:\/\/dominiot.com\/wp-content\/uploads\/2023\/12\/chemist-2815640_1280-980x653.jpg 980w, https:\/\/dominiot.com\/wp-content\/uploads\/2023\/12\/chemist-2815640_1280-480x320.jpg 480w\" sizes=\"(min-width: 0px) and (max-width: 480px) 480px, (min-width: 481px) and (max-width: 980px) 980px, (min-width: 981px) 1024px, 100vw\" \/><\/figure><\/div>\n\n\n<div style=\"height:59px\" aria-hidden=\"true\" class=\"wp-block-spacer\"><\/div>\n\n\n\n<h2 class=\"wp-block-heading has-text-align-center\">DominIoT offers you an intelligent and secure hospital management system that allows you to improve healthcare delivery, reduce costs by optimizing staff activity and resource utilization while improving patients&rsquo; quality of life.<\/h2>\n\n\n\n<div class=\"wp-block-columns is-layout-flex wp-container-core-columns-layout-1 wp-block-columns-is-layout-flex\">\n<div class=\"wp-block-column is-layout-flow wp-block-column-is-layout-flow\">\n<div style=\"height:76px\" aria-hidden=\"true\" class=\"wp-block-spacer\"><\/div>\n\n\n\n<p>In the context of hospital management, IoT offers innovative solutions to improve operational efficiency, strengthen the quality of care, and ensure patient safety.<\/p>\n<\/div>\n\n\n\n<div class=\"wp-block-column is-layout-flow wp-block-column-is-layout-flow\">\n<figure class=\"wp-block-image size-large is-resized\"><img loading=\"lazy\" decoding=\"async\" width=\"1024\" height=\"678\" src=\"https:\/\/dominiot.com\/wp-content\/uploads\/2023\/12\/hospital-1802680_1280-1-1024x678.jpg\" alt=\"\" class=\"wp-image-516\" style=\"width:352px;height:auto\" srcset=\"https:\/\/dominiot.com\/wp-content\/uploads\/2023\/12\/hospital-1802680_1280-1-1024x678.jpg 1024w, https:\/\/dominiot.com\/wp-content\/uploads\/2023\/12\/hospital-1802680_1280-1-980x649.jpg 980w, https:\/\/dominiot.com\/wp-content\/uploads\/2023\/12\/hospital-1802680_1280-1-480x318.jpg 480w\" sizes=\"(min-width: 0px) and (max-width: 480px) 480px, (min-width: 481px) and (max-width: 980px) 980px, (min-width: 981px) 1024px, 100vw\" \/><\/figure>\n<\/div>\n<\/div>\n\n\n\n<div style=\"height:38px\" aria-hidden=\"true\" class=\"wp-block-spacer\"><\/div>\n\n\n\n<h1 class=\"wp-block-heading\">IoT  applied  in hospital management:<\/h1>\n\n\n\n<div style=\"height:66px\" aria-hidden=\"true\" class=\"wp-block-spacer\"><\/div>\n\n\n\n<h2 class=\"wp-block-heading\">Medical Equipment Management<\/h2>\n\n\n\n<p>Enable real-time monitoring of medical equipment such as cardiac monitors, infusion pumps, and diagnostic devices. Sensors can detect potential breakdowns, plan preventative maintenance, and optimize equipment utilization.<\/p>\n\n\n\n<h2 class=\"wp-block-heading\">Patient Follow-up<\/h2>\n\n\n\n<p>Smart bracelets and other devices can be used to track patients&rsquo; movements around the hospital. This improves appointment management, reduces wait times, and allows for quick location in case of emergency.<\/p>\n\n\n\n<h2 class=\"wp-block-heading\">Medication Inventory Management<\/h2>\n\n\n\n<p>Sensors monitor stock levels of medicines and medical supplies. Automatic alerts can be generated to indicate when to refill inventory, avoiding potential shortages.<\/p>\n\n\n\n<h2 class=\"wp-block-heading\">Hospital Hygiene<\/h2>\n\n\n\n<p>Sensors can be integrated into hygiene devices, such as hand sanitizer dispensers and air sanitation systems, to ensure high standards of cleanliness and reduce the risk of hospital-acquired infections.<\/p>\n\n\n\n<h2 class=\"wp-block-heading\"><strong>Room Management<\/strong><\/h2>\n\n\n\n<p>Sensors in patient rooms can measure temperature, brightness, and other parameters to create a more comfortable environment tailored to individual needs.<\/p>\n\n\n\n<h2 class=\"wp-block-heading\"><strong>Tracking of Personnel Movements<\/strong><\/h2>\n\n\n\n<p>The devices can be used to track the movements of medical personnel, improving team coordination and enabling rapid response in the event of an emergency.<\/p>\n\n\n\n<h2 class=\"wp-block-heading\"><strong>Workflow Optimization<\/strong><\/h2>\n\n\n\n<p>Automate hospital processes, such as appointment management, vital data collection, and electronic medical record tracking, reducing administrative workload and improving overall efficiency.<\/p>\n\n\n\n<h2 class=\"wp-block-heading\"><strong>Energy Management<\/strong><\/h2>\n\n\n\n<p>Lighting, heating, and air conditioning systems can be optimized to reduce energy consumption and associated costs.<\/p>\n\n\n\n<h2 class=\"wp-block-heading\"><strong>Patient Safety<\/strong><\/h2>\n\n\n\n<p>Devices can be used to monitor at-risk patients and trigger alerts in case of critical situations, helping to improve patient safety.<\/p>\n\n\n\n<h2 class=\"wp-block-heading\">Data Analysis for Decision Making<\/h2>\n\n\n\n<p>Analyzing this data allows hospital administrators to make informed decisions to improve operations and care.<\/p>\n\n\n\n<p><\/p>\n","protected":false},"excerpt":{"rendered":"<p>DominIoT offers you an intelligent and secure hospital management system that allows you to improve healthcare delivery, reduce costs by optimizing staff activity and resource utilization while improving patients&rsquo; quality of life. In the context of hospital management, IoT offers innovative solutions to improve operational efficiency, strengthen the quality of care, and ensure patient safety. [&hellip;]<\/p>\n","protected":false},"author":1,"featured_media":556,"parent":0,"menu_order":0,"comment_status":"closed","ping_status":"closed","template":"","meta":{"_et_pb_use_builder":"off","_et_pb_old_content":"<!-- wp:columns -->\n<div class=\"wp-block-columns\"><!-- wp:column {\"width\":\"33.33%\"} -->\n<div class=\"wp-block-column\" style=\"flex-basis:33.33%\"><!-- wp:paragraph -->\n<p><\/p>\n<!-- \/wp:paragraph -->\n\n<!-- wp:paragraph {\"align\":\"center\",\"fontSize\":\"medium\"} -->\n<p class=\"has-text-align-center has-medium-font-size\"><strong>Dans le contexte de la gestion hospitali\u00e8re, l\u2019IoT offre des solutions innovantes pour am\u00e9liorer l'efficacit\u00e9 op\u00e9rationnelle, renforcer la qualit\u00e9 des soins, et garantir la s\u00e9curit\u00e9 des patients. Voici comment l'IoT peut \u00eatre appliqu\u00e9 sp\u00e9cifiquement dans la gestion hospitali\u00e8re :<\/strong><\/p>\n<!-- \/wp:paragraph --><\/div>\n<!-- \/wp:column -->\n\n<!-- wp:column {\"width\":\"66.66%\"} -->\n<div class=\"wp-block-column\" style=\"flex-basis:66.66%\"><!-- wp:image {\"align\":\"center\",\"id\":436,\"width\":\"403px\",\"height\":\"auto\",\"sizeSlug\":\"full\",\"linkDestination\":\"none\"} -->\n<figure class=\"wp-block-image aligncenter size-full is-resized\"><img src=\"https:\/\/dominiot.fr\/wp-content\/uploads\/2023\/12\/operation-540597_1280.jpg\" alt=\"\" class=\"wp-image-436\" style=\"width:403px;height:auto\"\/><\/figure>\n<!-- \/wp:image --><\/div>\n<!-- \/wp:column --><\/div>\n<!-- \/wp:columns -->\n\n<!-- wp:heading -->\n<h2 class=\"wp-block-heading\"><strong>Gestion des \u00c9quipements M\u00e9dicaux<\/strong> :<\/h2>\n<!-- \/wp:heading -->\n\n<!-- wp:paragraph -->\n<p>Permettre la surveillance en temps r\u00e9el des \u00e9quipements m\u00e9dicaux tels que les moniteurs cardiaques, les pompes \u00e0 perfusion, et les dispositifs de diagnostic. Des capteurs peuvent d\u00e9tecter les pannes potentielles, planifier la maintenance pr\u00e9ventive, et optimiser l'utilisation des \u00e9quipements.<\/p>\n<!-- \/wp:paragraph -->\n\n<!-- wp:heading -->\n<h2 class=\"wp-block-heading\"><strong>Suivi des Patients<\/strong><\/h2>\n<!-- \/wp:heading -->\n\n<!-- wp:paragraph -->\n<p>Les bracelets intelligents et autres dispositifs peuvent \u00eatre utilis\u00e9s pour suivre les mouvements des patients dans l'h\u00f4pital. Cela am\u00e9liore la gestion des rendez-vous, r\u00e9duit les temps d'attente, et permet une localisation rapide en cas d'urgence.<\/p>\n<!-- \/wp:paragraph -->\n\n<!-- wp:heading -->\n<h2 class=\"wp-block-heading\"><strong>Gestion des Stocks de M\u00e9dicaments<\/strong> :<\/h2>\n<!-- \/wp:heading -->\n\n<!-- wp:paragraph -->\n<p>Les capteurs surveillent les niveaux de stock des m\u00e9dicaments et des fournitures m\u00e9dicales. Les alertes automatiques peuvent \u00eatre g\u00e9n\u00e9r\u00e9es pour indiquer quand recharger les stocks, \u00e9vitant ainsi les p\u00e9nuries potentielles.<\/p>\n<!-- \/wp:paragraph -->\n\n<!-- wp:heading -->\n<h2 class=\"wp-block-heading\"><strong>Hygi\u00e8ne Hospitali\u00e8re<\/strong><\/h2>\n<!-- \/wp:heading -->\n\n<!-- wp:paragraph -->\n<p>Les capteurs peuvent \u00eatre int\u00e9gr\u00e9s dans les dispositifs d'hygi\u00e8ne, tels que les distributeurs de d\u00e9sinfectant pour les mains et les syst\u00e8mes d'assainissement de l'air, pour garantir des normes \u00e9lev\u00e9es de propret\u00e9 et r\u00e9duire le risque d'infections nosocomiales.<\/p>\n<!-- \/wp:paragraph -->\n\n<!-- wp:heading -->\n<h2 class=\"wp-block-heading\"><strong>Gestion des Chambres<\/strong><\/h2>\n<!-- \/wp:heading -->\n\n<!-- wp:paragraph -->\n<p>Les capteurs dans les chambres des patients peuvent mesurer la temp\u00e9rature, la luminosit\u00e9, et d'autres param\u00e8tres pour cr\u00e9er un environnement plus confortable et adapt\u00e9 aux besoins individuels.<\/p>\n<!-- \/wp:paragraph -->\n\n<!-- wp:heading -->\n<h2 class=\"wp-block-heading\"><strong>Suivi des Mouvements du Personnel<\/strong><\/h2>\n<!-- \/wp:heading -->\n\n<!-- wp:paragraph -->\n<p>Les dispositifs peuvent \u00eatre utilis\u00e9s pour suivre les mouvements du personnel m\u00e9dical, am\u00e9liorant ainsi la coordination des \u00e9quipes et permettant une intervention rapide en cas d'urgence.<\/p>\n<!-- \/wp:paragraph -->\n\n<!-- wp:heading -->\n<h2 class=\"wp-block-heading\">Optimisation des Flux de Travail :<\/h2>\n<!-- \/wp:heading -->\n\n<!-- wp:paragraph -->\n<p>Automatiser les processus hospitaliers, comme la gestion des rendez-vous, la collecte des donn\u00e9es vitales, et le suivi des dossiers m\u00e9dicaux \u00e9lectroniques, r\u00e9duisant ainsi la charge de travail administrative et am\u00e9liorant l'efficacit\u00e9 globale.<\/p>\n<!-- \/wp:paragraph -->\n\n<!-- wp:heading -->\n<h2 class=\"wp-block-heading\"><strong>Gestion de l'\u00c9nergie<\/strong><\/h2>\n<!-- \/wp:heading -->\n\n<!-- wp:paragraph -->\n<p>Les syst\u00e8mes d'\u00e9clairage, de chauffage, et de climatisation peuvent \u00eatre optimis\u00e9s afin de r\u00e9duire la consommation d'\u00e9nergie et les co\u00fbts associ\u00e9s.<\/p>\n<!-- \/wp:paragraph -->\n\n<!-- wp:heading -->\n<h2 class=\"wp-block-heading\">S\u00e9curit\u00e9 des Patients<\/h2>\n<!-- \/wp:heading -->\n\n<!-- wp:paragraph -->\n<p>Des dispositifs peuvent \u00eatre utilis\u00e9s pour surveiller les patients \u00e0 risque et d\u00e9clencher des alertes en cas de situations critiques, contribuant ainsi \u00e0 am\u00e9liorer la s\u00e9curit\u00e9 des patients.<\/p>\n<!-- \/wp:paragraph -->\n\n<!-- wp:heading -->\n<h2 class=\"wp-block-heading\"><strong>Analyse de Donn\u00e9es pour la Prise de D\u00e9cision<\/strong>&nbsp;<\/h2>\n<!-- \/wp:heading -->\n\n<!-- wp:paragraph -->\n<p>L'analyse de ces donn\u00e9es permet aux administrateurs hospitaliers de prendre des d\u00e9cisions \u00e9clair\u00e9es pour am\u00e9liorer les op\u00e9rations et les soins.<\/p>\n<!-- \/wp:paragraph -->","_et_gb_content_width":"","footnotes":""},"yoast_head":"<!-- This site is optimized with the Yoast SEO plugin v21.7 - https:\/\/yoast.com\/wordpress\/plugins\/seo\/ -->\n<title>operational efficiency - quality of care, - patient safety<\/title>\n<meta name=\"description\" content=\"Improve healthcare delivery, reduce costs by optimizing staff activity and resource utilization while improving patients&#039; quality of life.\" \/>\n<meta name=\"robots\" content=\"index, follow, max-snippet:-1, max-image-preview:large, max-video-preview:-1\" \/>\n<link rel=\"canonical\" href=\"https:\/\/dominiot.com\/index.php\/cu-sante\/\" \/>\n<meta property=\"og:locale\" content=\"fr_FR\" \/>\n<meta property=\"og:type\" content=\"article\" \/>\n<meta property=\"og:title\" content=\"operational efficiency - quality of care, - patient safety\" \/>\n<meta property=\"og:description\" content=\"Improve healthcare delivery, reduce costs by optimizing staff activity and resource utilization while improving patients&#039; quality of life.\" \/>\n<meta property=\"og:url\" content=\"https:\/\/dominiot.com\/index.php\/cu-sante\/\" \/>\n<meta property=\"og:site_name\" content=\"Dominiotcom\" \/>\n<meta property=\"article:modified_time\" content=\"2024-01-10T22:07:42+00:00\" \/>\n<meta property=\"og:image\" content=\"https:\/\/dominiot.com\/wp-content\/uploads\/2023\/12\/test-214244_1280.jpg\" \/>\n\t<meta property=\"og:image:width\" content=\"1280\" \/>\n\t<meta property=\"og:image:height\" content=\"847\" \/>\n\t<meta property=\"og:image:type\" content=\"image\/jpeg\" \/>\n<meta name=\"twitter:card\" content=\"summary_large_image\" \/>\n<meta name=\"twitter:label1\" content=\"Dur\u00e9e de lecture estim\u00e9e\" \/>\n\t<meta name=\"twitter:data1\" content=\"3 minutes\" \/>\n<script type=\"application\/ld+json\" class=\"yoast-schema-graph\">{\"@context\":\"https:\/\/schema.org\",\"@graph\":[{\"@type\":\"WebPage\",\"@id\":\"https:\/\/dominiot.com\/index.php\/cu-sante\/\",\"url\":\"https:\/\/dominiot.com\/index.php\/cu-sante\/\",\"name\":\"operational efficiency - quality of care, - patient safety\",\"isPartOf\":{\"@id\":\"https:\/\/dominiot.com\/#website\"},\"datePublished\":\"2023-12-16T00:30:20+00:00\",\"dateModified\":\"2024-01-10T22:07:42+00:00\",\"description\":\"Improve healthcare delivery, reduce costs by optimizing staff activity and resource utilization while improving patients' quality of life.\",\"breadcrumb\":{\"@id\":\"https:\/\/dominiot.com\/index.php\/cu-sante\/#breadcrumb\"},\"inLanguage\":\"fr-FR\",\"potentialAction\":[{\"@type\":\"ReadAction\",\"target\":[\"https:\/\/dominiot.com\/index.php\/cu-sante\/\"]}]},{\"@type\":\"BreadcrumbList\",\"@id\":\"https:\/\/dominiot.com\/index.php\/cu-sante\/#breadcrumb\",\"itemListElement\":[{\"@type\":\"ListItem\",\"position\":1,\"name\":\"Accueil\",\"item\":\"https:\/\/dominiot.com\/\"},{\"@type\":\"ListItem\",\"position\":2,\"name\":\"Health\"}]},{\"@type\":\"WebSite\",\"@id\":\"https:\/\/dominiot.com\/#website\",\"url\":\"https:\/\/dominiot.com\/\",\"name\":\"Dominiotcom\",\"description\":\"\",\"potentialAction\":[{\"@type\":\"SearchAction\",\"target\":{\"@type\":\"EntryPoint\",\"urlTemplate\":\"https:\/\/dominiot.com\/?s={search_term_string}\"},\"query-input\":\"required name=search_term_string\"}],\"inLanguage\":\"fr-FR\"}]}<\/script>\n<!-- \/ Yoast SEO plugin. -->","yoast_head_json":{"title":"operational efficiency - quality of care, - patient safety","description":"Improve healthcare delivery, reduce costs by optimizing staff activity and resource utilization while improving patients' quality of life.","robots":{"index":"index","follow":"follow","max-snippet":"max-snippet:-1","max-image-preview":"max-image-preview:large","max-video-preview":"max-video-preview:-1"},"canonical":"https:\/\/dominiot.com\/index.php\/cu-sante\/","og_locale":"fr_FR","og_type":"article","og_title":"operational efficiency - quality of care, - patient safety","og_description":"Improve healthcare delivery, reduce costs by optimizing staff activity and resource utilization while improving patients' quality of life.","og_url":"https:\/\/dominiot.com\/index.php\/cu-sante\/","og_site_name":"Dominiotcom","article_modified_time":"2024-01-10T22:07:42+00:00","og_image":[{"width":1280,"height":847,"url":"https:\/\/dominiot.com\/wp-content\/uploads\/2023\/12\/test-214244_1280.jpg","type":"image\/jpeg"}],"twitter_card":"summary_large_image","twitter_misc":{"Dur\u00e9e de lecture estim\u00e9e":"3 minutes"},"schema":{"@context":"https:\/\/schema.org","@graph":[{"@type":"WebPage","@id":"https:\/\/dominiot.com\/index.php\/cu-sante\/","url":"https:\/\/dominiot.com\/index.php\/cu-sante\/","name":"operational efficiency - quality of care, - patient safety","isPartOf":{"@id":"https:\/\/dominiot.com\/#website"},"datePublished":"2023-12-16T00:30:20+00:00","dateModified":"2024-01-10T22:07:42+00:00","description":"Improve healthcare delivery, reduce costs by optimizing staff activity and resource utilization while improving patients' quality of life.","breadcrumb":{"@id":"https:\/\/dominiot.com\/index.php\/cu-sante\/#breadcrumb"},"inLanguage":"fr-FR","potentialAction":[{"@type":"ReadAction","target":["https:\/\/dominiot.com\/index.php\/cu-sante\/"]}]},{"@type":"BreadcrumbList","@id":"https:\/\/dominiot.com\/index.php\/cu-sante\/#breadcrumb","itemListElement":[{"@type":"ListItem","position":1,"name":"Accueil","item":"https:\/\/dominiot.com\/"},{"@type":"ListItem","position":2,"name":"Health"}]},{"@type":"WebSite","@id":"https:\/\/dominiot.com\/#website","url":"https:\/\/dominiot.com\/","name":"Dominiotcom","description":"","potentialAction":[{"@type":"SearchAction","target":{"@type":"EntryPoint","urlTemplate":"https:\/\/dominiot.com\/?s={search_term_string}"},"query-input":"required name=search_term_string"}],"inLanguage":"fr-FR"}]}},"_links":{"self":[{"href":"https:\/\/dominiot.com\/index.php\/wp-json\/wp\/v2\/pages\/118"}],"collection":[{"href":"https:\/\/dominiot.com\/index.php\/wp-json\/wp\/v2\/pages"}],"about":[{"href":"https:\/\/dominiot.com\/index.php\/wp-json\/wp\/v2\/types\/page"}],"author":[{"embeddable":true,"href":"https:\/\/dominiot.com\/index.php\/wp-json\/wp\/v2\/users\/1"}],"replies":[{"embeddable":true,"href":"https:\/\/dominiot.com\/index.php\/wp-json\/wp\/v2\/comments?post=118"}],"version-history":[{"count":13,"href":"https:\/\/dominiot.com\/index.php\/wp-json\/wp\/v2\/pages\/118\/revisions"}],"predecessor-version":[{"id":978,"href":"https:\/\/dominiot.com\/index.php\/wp-json\/wp\/v2\/pages\/118\/revisions\/978"}],"wp:featuredmedia":[{"embeddable":true,"href":"https:\/\/dominiot.com\/index.php\/wp-json\/wp\/v2\/media\/556"}],"wp:attachment":[{"href":"https:\/\/dominiot.com\/index.php\/wp-json\/wp\/v2\/media?parent=118"}],"curies":[{"name":"wp","href":"https:\/\/api.w.org\/{rel}","templated":true}]}}