{"id":112,"date":"2023-12-16T01:28:45","date_gmt":"2023-12-16T00:28:45","guid":{"rendered":"https:\/\/dominiot.fr\/?page_id=112"},"modified":"2024-01-10T23:31:07","modified_gmt":"2024-01-10T23:31:07","slug":"cu-agriculture","status":"publish","type":"page","link":"https:\/\/dominiot.com\/index.php\/cu-agriculture\/","title":{"rendered":"Smart agriculture"},"content":{"rendered":"<div class=\"wp-block-image\">\n<figure class=\"aligncenter size-large is-resized\"><img loading=\"lazy\" decoding=\"async\" width=\"1024\" height=\"682\" src=\"https:\/\/dominiot.com\/wp-content\/uploads\/2023\/12\/grain-field-7225738_1280-1024x682.jpg\" alt=\"\" class=\"wp-image-388\" style=\"width:525px;height:auto\" srcset=\"https:\/\/dominiot.com\/wp-content\/uploads\/2023\/12\/grain-field-7225738_1280-1024x682.jpg 1024w, https:\/\/dominiot.com\/wp-content\/uploads\/2023\/12\/grain-field-7225738_1280-980x653.jpg 980w, https:\/\/dominiot.com\/wp-content\/uploads\/2023\/12\/grain-field-7225738_1280-480x320.jpg 480w\" sizes=\"(min-width: 0px) and (max-width: 480px) 480px, (min-width: 481px) and (max-width: 980px) 980px, (min-width: 981px) 1024px, 100vw\" \/><\/figure><\/div>\n\n\n<div style=\"height:55px\" aria-hidden=\"true\" class=\"wp-block-spacer\"><\/div>\n\n\n\n<h2 class=\"wp-block-heading has-text-align-center\">Smart and secure farming with DominIoT.<\/h2>\n\n\n\n<h2 class=\"wp-block-heading has-text-align-center\">Our offer allows you to supervise and control your technical equipment, its connection to the network as well as the supply and connection of sensors to help you optimize your activity.<\/h2>\n\n\n\n<h2 class=\"wp-block-heading has-text-align-center\">Agricultural sensors collect data on various aspects of crops, such as temperature, soil moisture, air quality, weather conditions, soil quality, crop growth progress, plant growth, or livestock health.<\/h2>\n\n\n\n<div style=\"height:72px\" aria-hidden=\"true\" class=\"wp-block-spacer\"><\/div>\n\n\n\n<div class=\"wp-block-columns is-layout-flex wp-container-core-columns-layout-1 wp-block-columns-is-layout-flex\">\n<div class=\"wp-block-column is-layout-flow wp-block-column-is-layout-flow\">\n<div style=\"height:37px\" aria-hidden=\"true\" class=\"wp-block-spacer\"><\/div>\n\n\n\n<p>With DominIoT, smart farming helps improve farm yields, profitability, sustainability, and resilience while minimizing environmental impacts.<\/p>\n<\/div>\n\n\n\n<div class=\"wp-block-column is-layout-flow wp-block-column-is-layout-flow\">\n<figure class=\"wp-block-image size-large is-resized\"><img loading=\"lazy\" decoding=\"async\" width=\"1024\" height=\"461\" src=\"https:\/\/dominiot.com\/wp-content\/uploads\/2023\/12\/Agriculture-1-1024x461.jpg\" alt=\"\" class=\"wp-image-383\" style=\"width:449px;height:auto\" srcset=\"https:\/\/dominiot.com\/wp-content\/uploads\/2023\/12\/Agriculture-1-980x442.jpg 980w, https:\/\/dominiot.com\/wp-content\/uploads\/2023\/12\/Agriculture-1-480x216.jpg 480w\" sizes=\"(min-width: 0px) and (max-width: 480px) 480px, (min-width: 481px) and (max-width: 980px) 980px, (min-width: 981px) 1024px, 100vw\" \/><\/figure>\n<\/div>\n<\/div>\n\n\n\n<div style=\"height:37px\" aria-hidden=\"true\" class=\"wp-block-spacer\"><\/div>\n\n\n\n<h1 class=\"wp-block-heading\">IoT has the potential to transform agriculture :<\/h1>\n\n\n\n<div style=\"height:61px\" aria-hidden=\"true\" class=\"wp-block-spacer\"><\/div>\n\n\n\n<h2 class=\"wp-block-heading\">Better yield management<\/h2>\n\n\n\n<p>The ability to predict the yield of your production allows you to plan for better product distribution. If you know exactly how much harvest you can get, you are guaranteed not to have unsold inventory.<\/p>\n\n\n\n<h2 class=\"wp-block-heading\">Reduction of environmental impacts<\/h2>\n\n\n\n<p>The detailed analysis of soils and crops by sensors makes it possible to optimize the application of fertilizers and pesticides as well as water according to the real needs of the crops. Their use is no longer systematic but as accurate as possible, thus ensuring their use in smaller quantities.<\/p>\n\n\n\n<h2 class=\"wp-block-heading\">Better cost management<\/h2>\n\n\n\n<p>By being able to spot abnormalities in crop growth or livestock health, you&rsquo;ll be able to anticipate the risks of yield loss.<\/p>\n\n\n\n<h2 class=\"wp-block-heading\"><strong>Increased Efficiency<\/strong><\/h2>\n\n\n\n<p>By using AI-powered devices, you can automate multiple processes throughout your production cycle, taking into account historical data, current weather conditions, and other factors.<\/p>\n\n\n\n<h2 class=\"wp-block-heading\"><strong><strong>Improved product quality and volumes<\/strong><\/strong><\/h2>\n\n\n\n<p>Process automation allows you to have better control over the production process, as well as maintain crop quality and growth capacity.<\/p>\n","protected":false},"excerpt":{"rendered":"<p>Smart and secure farming with DominIoT. Our offer allows you to supervise and control your technical equipment, its connection to the network as well as the supply and connection of sensors to help you optimize your activity. Agricultural sensors collect data on various aspects of crops, such as temperature, soil moisture, air quality, weather conditions, [&hellip;]<\/p>\n","protected":false},"author":1,"featured_media":530,"parent":0,"menu_order":0,"comment_status":"closed","ping_status":"closed","template":"","meta":{"_et_pb_use_builder":"on","_et_pb_old_content":"<!-- wp:cover {\"url\":\"https:\/\/dominiot.com\/wp-content\/uploads\/2023\/12\/grain-field-7225738_1280.jpg\",\"id\":388,\"dimRatio\":30,\"align\":\"wide\",\"layout\":{\"type\":\"constrained\"}} -->\n<div class=\"wp-block-cover alignwide\"><span aria-hidden=\"true\" class=\"wp-block-cover__background has-background-dim-30 has-background-dim\"><\/span><img class=\"wp-block-cover__image-background wp-image-388\" alt=\"\" src=\"https:\/\/dominiot.com\/wp-content\/uploads\/2023\/12\/grain-field-7225738_1280.jpg\" data-object-fit=\"cover\"\/><div class=\"wp-block-cover__inner-container\"><!-- wp:paragraph {\"align\":\"left\",\"placeholder\":\"R\u00e9digez le titre\u2026\",\"fontSize\":\"medium\"} -->\n<p class=\"has-text-align-left has-medium-font-size\"> <\/p>\n<!-- \/wp:paragraph -->\n\n<!-- wp:heading {\"style\":{\"typography\":{\"fontSize\":\"26px\"}}} -->\n<h2 class=\"wp-block-heading\" style=\"font-size:26px\"><strong> <mark style=\"background-color:rgba(0, 0, 0, 0)\" class=\"has-inline-color has-white-color\">Une agriculture intelligente et s\u00e9curis\u00e9e avec DominIoT.<\/mark><\/strong><\/h2>\n<!-- \/wp:heading -->\n\n<!-- wp:paragraph -->\n<p><\/p>\n<!-- \/wp:paragraph -->\n\n<!-- wp:heading {\"style\":{\"typography\":{\"fontSize\":\"23px\"}}} -->\n<h2 class=\"wp-block-heading\" style=\"font-size:23px\"><strong><mark style=\"background-color:rgba(0, 0, 0, 0)\" class=\"has-inline-color has-white-color\">Notre offre vous permet la supervision et le contr\u00f4le de vos \u00e9quipements techniques, leur raccordement au r\u00e9seau ainsi que la fourniture et le raccordement de capteurs vous aidant \u00e0 optimiser votre activit\u00e9.<\/mark><\/strong><\/h2>\n<!-- \/wp:heading -->\n\n<!-- wp:paragraph -->\n<p><\/p>\n<!-- \/wp:paragraph -->\n\n<!-- wp:heading {\"style\":{\"typography\":{\"fontSize\":\"23px\"}}} -->\n<h2 class=\"wp-block-heading\" style=\"font-size:23px\"><strong><mark style=\"background-color:rgba(0, 0, 0, 0)\" class=\"has-inline-color has-white-color\">Les capteurs agricoles collectent des donn\u00e9es sur divers aspects des cultures, tels que la temp\u00e9rature, l'humidit\u00e9 du sol, la qualit\u00e9 de l'air, les conditions m\u00e9t\u00e9orologiques, la qualit\u00e9 du sol, la progression de la croissance des cultures, la croissance des plantes, ou la sant\u00e9 du b\u00e9tail.<\/mark><\/strong><\/h2>\n<!-- \/wp:heading --><\/div><\/div>\n<!-- \/wp:cover -->\n\n<!-- wp:paragraph -->\n<p><\/p>\n<!-- \/wp:paragraph -->\n\n<!-- wp:paragraph -->\n<p>Avec DominIoT, l'agriculture intelligente aide \u00e0 am\u00e9liorer les rendements, la rentabilit\u00e9, la durabilit\u00e9 et la r\u00e9silience des exploitations agricoles tout en minimisant les impacts environnementaux.<\/p>\n<!-- \/wp:paragraph -->\n\n<!-- wp:image {\"align\":\"center\",\"id\":382,\"width\":\"551px\",\"height\":\"auto\",\"sizeSlug\":\"large\",\"linkDestination\":\"none\"} -->\n<figure class=\"wp-block-image aligncenter size-large is-resized\"><img src=\"https:\/\/dominiot.com\/wp-content\/uploads\/2023\/12\/Agriculture-1024x461.jpg\" alt=\"\" class=\"wp-image-382\" style=\"width:551px;height:auto\"\/><\/figure>\n<!-- \/wp:image -->\n\n<!-- wp:paragraph -->\n<p>Les technologies et l\u2019IoT ont le potentiel de transformer l\u2019agriculture sur les aspects suivant&nbsp;:<\/p>\n<!-- \/wp:paragraph -->\n\n<!-- wp:heading -->\n<h2 class=\"wp-block-heading\"><strong>Meilleure gestion des rendements<\/strong><del> <\/del>:<\/h2>\n<!-- \/wp:heading -->\n\n<!-- wp:paragraph -->\n<p>La capacit\u00e9 \u00e0 pr\u00e9voir le rendement de votre production vous permet de planifier une meilleure distribution des produits. Si vous savez exactement quelle quantit\u00e9 de r\u00e9coltes vous pouvez obtenir, vous \u00eates assur\u00e9 de ne pas avoir de stocks invendus.<\/p>\n<!-- \/wp:paragraph -->\n\n<!-- wp:heading -->\n<h2 class=\"wp-block-heading\">R\u00e9duction des impacts environnementaux :<\/h2>\n<!-- \/wp:heading -->\n\n<!-- wp:paragraph -->\n<p>L\u2019analyse fine des sols et des cultures par les capteurs permet d\u2019optimiser l\u2019\u00e9pandage des engrais et des pesticides ainsi que de l\u2019eau en fonction des besoins r\u00e9els des cultures. Leur usage n\u2019\u00e9tant plus syst\u00e9matiquement mais au plus juste, assurant ainsi leur usage en moindre quantit\u00e9.<\/p>\n<!-- \/wp:paragraph -->\n\n<!-- wp:heading -->\n<h2 class=\"wp-block-heading\"><strong>Meilleure gestion des co\u00fbts<\/strong><\/h2>\n<!-- \/wp:heading -->\n\n<!-- wp:paragraph -->\n<p>En \u00e9tant capable de rep\u00e9rer les anomalies dans la croissance des cultures ou la sant\u00e9 du b\u00e9tail, vous serez en mesure d\u2019anticiper les risques de perte de rendement.<\/p>\n<!-- \/wp:paragraph -->\n\n<!-- wp:heading -->\n<h2 class=\"wp-block-heading\"><strong>Augmentation de l\u2019efficacit\u00e9<\/strong><\/h2>\n<!-- \/wp:heading -->\n\n<!-- wp:paragraph -->\n<p>En utilisant des appareils bas\u00e9s sur l'intelligence artificielle, vous pouvez automatiser plusieurs processus tout au long de votre cycle de production, en tenant compte des donn\u00e9es historiques, des conditions m\u00e9t\u00e9orologiques actuelles et d'autres facteurs.<\/p>\n<!-- \/wp:paragraph -->\n\n<!-- wp:heading -->\n<h2 class=\"wp-block-heading\"><strong><strong>Am\u00e9lioration de la qualit\u00e9 des produits et des volumes<\/strong><\/strong><\/h2>\n<!-- \/wp:heading -->\n\n<!-- wp:paragraph -->\n<p>L\u2019automatisation des processus vous permet un meilleur contr\u00f4le du processus de production, ainsi que le maintien de la qualit\u00e9 des cultures et de la capacit\u00e9 de croissance.<\/p>\n<!-- \/wp:paragraph -->","_et_gb_content_width":"","footnotes":""},"yoast_head":"<!-- This site is optimized with the Yoast SEO plugin v21.7 - https:\/\/yoast.com\/wordpress\/plugins\/seo\/ -->\n<title>yield management - Increased Efficiency - environmental impact<\/title>\n<meta name=\"description\" content=\"We allows you to supervise and control your technical equipment, its connection to the network as well as the supply and connection of sensors to help you optimize your activity\" \/>\n<meta name=\"robots\" content=\"index, follow, max-snippet:-1, max-image-preview:large, max-video-preview:-1\" \/>\n<link rel=\"canonical\" href=\"https:\/\/dominiot.com\/index.php\/cu-agriculture\/\" \/>\n<meta property=\"og:locale\" content=\"fr_FR\" \/>\n<meta property=\"og:type\" content=\"article\" \/>\n<meta property=\"og:title\" content=\"yield management - Increased Efficiency - environmental impact\" \/>\n<meta property=\"og:description\" content=\"We allows you to supervise and control your technical equipment, its connection to the network as well as the supply and connection of sensors to help you optimize your activity\" \/>\n<meta property=\"og:url\" content=\"https:\/\/dominiot.com\/index.php\/cu-agriculture\/\" \/>\n<meta property=\"og:site_name\" content=\"Dominiotcom\" \/>\n<meta property=\"article:modified_time\" content=\"2024-01-10T23:31:07+00:00\" \/>\n<meta property=\"og:image\" content=\"https:\/\/dominiot.com\/wp-content\/uploads\/2023\/12\/rye-6375839_1280.jpg\" \/>\n\t<meta property=\"og:image:width\" content=\"1280\" \/>\n\t<meta property=\"og:image:height\" content=\"853\" \/>\n\t<meta property=\"og:image:type\" content=\"image\/jpeg\" \/>\n<meta name=\"twitter:card\" content=\"summary_large_image\" \/>\n<meta name=\"twitter:label1\" content=\"Dur\u00e9e de lecture estim\u00e9e\" \/>\n\t<meta name=\"twitter:data1\" content=\"2 minutes\" \/>\n<script type=\"application\/ld+json\" class=\"yoast-schema-graph\">{\"@context\":\"https:\/\/schema.org\",\"@graph\":[{\"@type\":\"WebPage\",\"@id\":\"https:\/\/dominiot.com\/index.php\/cu-agriculture\/\",\"url\":\"https:\/\/dominiot.com\/index.php\/cu-agriculture\/\",\"name\":\"yield management - Increased Efficiency - environmental impact\",\"isPartOf\":{\"@id\":\"https:\/\/dominiot.com\/#website\"},\"datePublished\":\"2023-12-16T00:28:45+00:00\",\"dateModified\":\"2024-01-10T23:31:07+00:00\",\"description\":\"We allows you to supervise and control your technical equipment, its connection to the network as well as the supply and connection of sensors to help you optimize your activity\",\"breadcrumb\":{\"@id\":\"https:\/\/dominiot.com\/index.php\/cu-agriculture\/#breadcrumb\"},\"inLanguage\":\"fr-FR\",\"potentialAction\":[{\"@type\":\"ReadAction\",\"target\":[\"https:\/\/dominiot.com\/index.php\/cu-agriculture\/\"]}]},{\"@type\":\"BreadcrumbList\",\"@id\":\"https:\/\/dominiot.com\/index.php\/cu-agriculture\/#breadcrumb\",\"itemListElement\":[{\"@type\":\"ListItem\",\"position\":1,\"name\":\"Accueil\",\"item\":\"https:\/\/dominiot.com\/\"},{\"@type\":\"ListItem\",\"position\":2,\"name\":\"Smart agriculture\"}]},{\"@type\":\"WebSite\",\"@id\":\"https:\/\/dominiot.com\/#website\",\"url\":\"https:\/\/dominiot.com\/\",\"name\":\"Dominiotcom\",\"description\":\"\",\"potentialAction\":[{\"@type\":\"SearchAction\",\"target\":{\"@type\":\"EntryPoint\",\"urlTemplate\":\"https:\/\/dominiot.com\/?s={search_term_string}\"},\"query-input\":\"required name=search_term_string\"}],\"inLanguage\":\"fr-FR\"}]}<\/script>\n<!-- \/ Yoast SEO plugin. -->","yoast_head_json":{"title":"yield management - Increased Efficiency - environmental impact","description":"We allows you to supervise and control your technical equipment, its connection to the network as well as the supply and connection of sensors to help you optimize your activity","robots":{"index":"index","follow":"follow","max-snippet":"max-snippet:-1","max-image-preview":"max-image-preview:large","max-video-preview":"max-video-preview:-1"},"canonical":"https:\/\/dominiot.com\/index.php\/cu-agriculture\/","og_locale":"fr_FR","og_type":"article","og_title":"yield management - Increased Efficiency - environmental impact","og_description":"We allows you to supervise and control your technical equipment, its connection to the network as well as the supply and connection of sensors to help you optimize your activity","og_url":"https:\/\/dominiot.com\/index.php\/cu-agriculture\/","og_site_name":"Dominiotcom","article_modified_time":"2024-01-10T23:31:07+00:00","og_image":[{"width":1280,"height":853,"url":"https:\/\/dominiot.com\/wp-content\/uploads\/2023\/12\/rye-6375839_1280.jpg","type":"image\/jpeg"}],"twitter_card":"summary_large_image","twitter_misc":{"Dur\u00e9e de lecture estim\u00e9e":"2 minutes"},"schema":{"@context":"https:\/\/schema.org","@graph":[{"@type":"WebPage","@id":"https:\/\/dominiot.com\/index.php\/cu-agriculture\/","url":"https:\/\/dominiot.com\/index.php\/cu-agriculture\/","name":"yield management - Increased Efficiency - environmental impact","isPartOf":{"@id":"https:\/\/dominiot.com\/#website"},"datePublished":"2023-12-16T00:28:45+00:00","dateModified":"2024-01-10T23:31:07+00:00","description":"We allows you to supervise and control your technical equipment, its connection to the network as well as the supply and connection of sensors to help you optimize your activity","breadcrumb":{"@id":"https:\/\/dominiot.com\/index.php\/cu-agriculture\/#breadcrumb"},"inLanguage":"fr-FR","potentialAction":[{"@type":"ReadAction","target":["https:\/\/dominiot.com\/index.php\/cu-agriculture\/"]}]},{"@type":"BreadcrumbList","@id":"https:\/\/dominiot.com\/index.php\/cu-agriculture\/#breadcrumb","itemListElement":[{"@type":"ListItem","position":1,"name":"Accueil","item":"https:\/\/dominiot.com\/"},{"@type":"ListItem","position":2,"name":"Smart agriculture"}]},{"@type":"WebSite","@id":"https:\/\/dominiot.com\/#website","url":"https:\/\/dominiot.com\/","name":"Dominiotcom","description":"","potentialAction":[{"@type":"SearchAction","target":{"@type":"EntryPoint","urlTemplate":"https:\/\/dominiot.com\/?s={search_term_string}"},"query-input":"required name=search_term_string"}],"inLanguage":"fr-FR"}]}},"_links":{"self":[{"href":"https:\/\/dominiot.com\/index.php\/wp-json\/wp\/v2\/pages\/112"}],"collection":[{"href":"https:\/\/dominiot.com\/index.php\/wp-json\/wp\/v2\/pages"}],"about":[{"href":"https:\/\/dominiot.com\/index.php\/wp-json\/wp\/v2\/types\/page"}],"author":[{"embeddable":true,"href":"https:\/\/dominiot.com\/index.php\/wp-json\/wp\/v2\/users\/1"}],"replies":[{"embeddable":true,"href":"https:\/\/dominiot.com\/index.php\/wp-json\/wp\/v2\/comments?post=112"}],"version-history":[{"count":12,"href":"https:\/\/dominiot.com\/index.php\/wp-json\/wp\/v2\/pages\/112\/revisions"}],"predecessor-version":[{"id":999,"href":"https:\/\/dominiot.com\/index.php\/wp-json\/wp\/v2\/pages\/112\/revisions\/999"}],"wp:featuredmedia":[{"embeddable":true,"href":"https:\/\/dominiot.com\/index.php\/wp-json\/wp\/v2\/media\/530"}],"wp:attachment":[{"href":"https:\/\/dominiot.com\/index.php\/wp-json\/wp\/v2\/media?parent=112"}],"curies":[{"name":"wp","href":"https:\/\/api.w.org\/{rel}","templated":true}]}}